{"id":31349,"date":"2023-03-03T10:25:27","date_gmt":"2023-03-03T09:25:27","guid":{"rendered":"https:\/\/shop.waterjet-service.com\/mentions-legales\/"},"modified":"2024-07-30T16:43:43","modified_gmt":"2024-07-30T14:43:43","slug":"mentions-legales","status":"publish","type":"page","link":"https:\/\/shop.waterjet-service.com\/fr\/mentions-legales\/","title":{"rendered":"Mentions l\u00e9gales"},"content":{"rendered":"\n<div class=\"wp-block-buttons is-layout-flex wp-block-buttons-is-layout-flex\"><\/div>\n\n<p>STM Waterjet GmbH<br\/>Zone industrielle Gasthof S\u00fcd 178<br\/>5531 Eben im Pongau<br\/>AUTRICHE<\/p>\n\n<p>T\u00e9l. : +43 6458 200140<br\/>E-mail : <a href=\"mailto:office@waterjet-service.com\">office@waterjet-service.com<\/a><br\/><a href=\"http:\/\/www.stm-waterjet.com\/\">www.stm-waterjet.com<\/a><\/p>\n\n<p>Raison sociale : STM Waterjet GmbH<br\/>Tribunal de la soci\u00e9t\u00e9 : Landesgericht Salzburg<br\/>Num\u00e9ro du registre de la soci\u00e9t\u00e9 : 533142h<br\/>Num\u00e9ro UID : ATU 75586527<br\/>Autorit\u00e9 conform\u00e9ment \u00e0 la loi sur la protection des donn\u00e9es. ECG : Bezirkshauptmannschaft St. Johann im Pongau<br\/>Appartenance \u00e0 la chambre : Chambre de commerce de Salzbourg<\/p>\n\n<ul class=\"wp-block-list\">\n<li><a href=\"https:\/\/shop.waterjet-service.com\/fr\/conditions-generales-de-vente\/\">Conditions g\u00e9n\u00e9rales de vente (CGV)<\/a><\/li>\n\n\n\n<li><a href=\"https:\/\/www.wkoecg.at\/Ecg.aspx?FirmaID=b17bee9e-8691-4d57-8d51-e2eb6325a14d&amp;_gl=1%2A1ggk6jv%2A_ga%2AMTA1MjMyMDgxOS4xNjc5OTA2MDky%2A_ga_4YHGVSN5S4%2AMTY4MDYwNTk4OC44LjEuMTY4MDYwNjY4Ny41OS4wLjA\" target=\"_blank\" rel=\"noreferrer noopener\">Informations sur l&#8217;entreprise selon la loi sur le commerce \u00e9lectronique<\/a><\/li>\n<\/ul>\n\n<h2 class=\"wp-block-heading\">Clause de non-responsabilit\u00e9<\/h2>\n\n<p><strong>1. contenu de l&#8217;offre en ligne<\/strong><br\/>L&#8217;auteur ne garantit pas l&#8217;actualit\u00e9, l&#8217;exactitude, l&#8217;exhaustivit\u00e9 ou la qualit\u00e9 des informations fournies. La responsabilit\u00e9 de l&#8217;auteur ne saurait \u00eatre engag\u00e9e en cas de dommages mat\u00e9riels ou immat\u00e9riels caus\u00e9s par l&#8217;utilisation ou la non-utilisation des informations pr\u00e9sent\u00e9es ou par l&#8217;utilisation d&#8217;informations erron\u00e9es ou incompl\u00e8tes, dans la mesure o\u00f9 il n&#8217;est pas prouv\u00e9 que l&#8217;auteur a commis une faute intentionnelle ou une n\u00e9gligence grave. Toutes les offres sont sans engagement et non contractuelles. L&#8217;auteur se r\u00e9serve express\u00e9ment le droit de modifier, de compl\u00e9ter ou de supprimer des parties de pages ou l&#8217;ensemble de l&#8217;offre sans avis pr\u00e9alable, ou d&#8217;en suspendre temporairement ou d\u00e9finitivement la publication.<\/p>\n\n<p><strong>2. r\u00e9f\u00e9rences et liens<\/strong><br\/>En cas de r\u00e9f\u00e9rences directes ou indirectes \u00e0 des sites Internet externes (&#8220;liens&#8221;) qui ne rel\u00e8vent pas de la responsabilit\u00e9 de l&#8217;auteur, une obligation de responsabilit\u00e9 entrerait uniquement en vigueur dans le cas o\u00f9 l&#8217;auteur aurait connaissance des contenus et qu&#8217;il lui serait techniquement possible et raisonnable d&#8217;emp\u00eacher l&#8217;utilisation en cas de contenus ill\u00e9gaux. L&#8217;auteur d\u00e9clare express\u00e9ment par la pr\u00e9sente qu&#8217;au moment de l&#8217;\u00e9tablissement des liens, aucun contenu ill\u00e9gal n&#8217;\u00e9tait identifiable sur les pages \u00e0 relier. L&#8217;auteur n&#8217;a aucune influence sur la conception actuelle et future, les contenus ou la paternit\u00e9 des pages li\u00e9es\/associ\u00e9es.<\/p>\n\n<p>C&#8217;est pourquoi il se distancie express\u00e9ment par la pr\u00e9sente de tous les contenus de toutes les pages li\u00e9es\/associ\u00e9es qui ont \u00e9t\u00e9 modifi\u00e9es apr\u00e8s l&#8217;\u00e9tablissement des liens. Cette constatation s&#8217;applique \u00e0 tous les liens et renvois cr\u00e9\u00e9s dans le cadre de la propre offre Internet ainsi qu&#8217;aux inscriptions de tiers dans les livres d&#8217;or, forums de discussion et listes de diffusion cr\u00e9\u00e9s par l&#8217;auteur. Seul le fournisseur de la page \u00e0 laquelle il a \u00e9t\u00e9 renvoy\u00e9 est responsable des contenus ill\u00e9gaux, erron\u00e9s ou incomplets et en particulier des dommages r\u00e9sultant de l&#8217;utilisation ou de la non-utilisation des informations ainsi pr\u00e9sent\u00e9es, et non celui qui ne fait que renvoyer \u00e0 la publication concern\u00e9e par le biais de liens.<\/p>\n\n<p><strong>3. droit d&#8217;auteur et droit des marques<\/strong><br\/>L&#8217;auteur s&#8217;efforce de respecter dans toutes les publications les droits d&#8217;auteur des graphiques, documents sonores, s\u00e9quences vid\u00e9o et textes utilis\u00e9s, d&#8217;utiliser des graphiques, documents sonores, s\u00e9quences vid\u00e9o et textes qu&#8217;il a lui-m\u00eame cr\u00e9\u00e9s ou de recourir \u00e0 des graphiques, documents sonores, s\u00e9quences vid\u00e9o et textes libres de droits. Toutes les marques et marques d\u00e9pos\u00e9es mentionn\u00e9es dans l&#8217;offre Internet et \u00e9ventuellement prot\u00e9g\u00e9es par des tiers sont soumises sans restriction aux dispositions du droit des marques en vigueur et aux droits de propri\u00e9t\u00e9 des propri\u00e9taires enregistr\u00e9s respectifs. La simple mention d&#8217;une marque ne permet pas de conclure qu&#8217;elle n&#8217;est pas prot\u00e9g\u00e9e par des droits de tiers ! Le copyright des objets publi\u00e9s et cr\u00e9\u00e9s par l&#8217;auteur lui-m\u00eame reste la propri\u00e9t\u00e9 exclusive de l&#8217;auteur des pages. Toute reproduction ou utilisation de tels graphiques, documents sonores, s\u00e9quences vid\u00e9o et textes dans d&#8217;autres publications \u00e9lectroniques ou imprim\u00e9es est interdite sans l&#8217;autorisation expresse de l&#8217;auteur.<\/p>\n\n<p><strong>4. protection des donn\u00e9es<\/strong><br\/>Dans la mesure o\u00f9 il est possible de saisir des donn\u00e9es personnelles ou professionnelles (adresses e-mail, noms, adresses) dans le cadre de l&#8217;offre Internet, la divulgation de ces donn\u00e9es par l&#8217;utilisateur se fait sur une base express\u00e9ment volontaire. L&#8217;utilisation et le paiement de tous les services propos\u00e9s sont \u00e9galement autoris\u00e9s &#8211; dans la mesure o\u00f9 cela est techniquement possible et raisonnable &#8211; sans indication de telles donn\u00e9es ou en indiquant des donn\u00e9es anonymes ou un pseudonyme.<\/p>\n\n<p><strong>5. validit\u00e9 juridique de la pr\u00e9sente clause de non-responsabilit\u00e9<\/strong><br\/>La pr\u00e9sente clause de non-responsabilit\u00e9 doit \u00eatre consid\u00e9r\u00e9e comme faisant partie de l&#8217;offre Internet \u00e0 partir de laquelle il a \u00e9t\u00e9 renvoy\u00e9 \u00e0 cette page. Si des parties ou certaines formulations de ce texte ne devaient pas, plus ou pas enti\u00e8rement correspondre \u00e0 la situation juridique en vigueur, les autres parties du document n&#8217;en seraient pas affect\u00e9es dans leur contenu et leur validit\u00e9.<\/p>\n\n<p><strong>6. Google Analytics :<\/strong><br\/>Ce site utilise Google Analytics, un service d&#8217;analyse de site internet fourni par Google Inc. (&#8220;Google&#8221;). Google Analytics utilise des &#8220;cookies&#8221;, des fichiers texte qui sont enregistr\u00e9s sur votre ordinateur et qui permettent d&#8217;analyser votre utilisation du site web. Les informations g\u00e9n\u00e9r\u00e9es par le cookie concernant votre utilisation de ce site web sont g\u00e9n\u00e9ralement transmises \u00e0 un serveur de Google aux \u00c9tats-Unis et y sont enregistr\u00e9es. Toutefois, si l&#8217;anonymisation IP est activ\u00e9e sur ce site, votre adresse IP sera pr\u00e9alablement abr\u00e9g\u00e9e par Google dans les \u00c9tats membres de l&#8217;Union europ\u00e9enne ou dans d&#8217;autres \u00c9tats signataires de l&#8217;accord sur l&#8217;Espace \u00e9conomique europ\u00e9en.<br\/>Ce n&#8217;est que dans des cas exceptionnels que l&#8217;adresse IP compl\u00e8te est transmise \u00e0 un serveur de Google aux \u00c9tats-Unis et y est abr\u00e9g\u00e9e. Google utilisera ces informations pour le compte de l&#8217;exploitant de ce site web afin d&#8217;\u00e9valuer votre utilisation du site web, de compiler des rapports sur les activit\u00e9s du site web et de fournir \u00e0 l&#8217;exploitant du site web d&#8217;autres services li\u00e9s \u00e0 l&#8217;utilisation du site web et d&#8217;Internet. L&#8217;adresse IP transmise par votre navigateur dans le cadre de Google Analytics n&#8217;est pas recoup\u00e9e avec d&#8217;autres donn\u00e9es de Google.<br\/>Vous pouvez emp\u00eacher l&#8217;enregistrement des cookies en param\u00e9trant votre navigateur en cons\u00e9quence ; nous attirons toutefois votre attention sur le fait que, dans ce cas, vous ne pourrez peut-\u00eatre pas utiliser toutes les fonctions de ce site web dans leur int\u00e9gralit\u00e9. Vous pouvez en outre emp\u00eacher la saisie par Google des donn\u00e9es g\u00e9n\u00e9r\u00e9es par le cookie et se rapportant \u00e0 votre utilisation du site web (y compris votre adresse IP) ainsi que le traitement de ces donn\u00e9es par Google en t\u00e9l\u00e9chargeant et en installant le plug-in de navigateur disponible sous le lien suivant :<br\/><a href=\"https:\/\/tools.google.com\/dlpage\/gaoptout?hl=de\" target=\"_blank\" rel=\"noreferrer noopener\">Module compl\u00e9mentaire de navigateur pour la d\u00e9sactivation de Google Analytics<\/a><br\/>Vous pouvez emp\u00eacher la collecte de vos donn\u00e9es utilisateur par Google Analytics uniquement sur ce site en cliquant sur le lien suivant. Un cookie opt-out sera install\u00e9 pour emp\u00eacher la collecte de vos donn\u00e9es lors de vos prochaines visites sur ce site : <a href=\"javascript:gaOptout() ;\">D\u00e9sactiver Google Analytics<\/a>.<\/p>\n","protected":false},"excerpt":{"rendered":"<p>STM Waterjet GmbHZone industrielle Gasthof S\u00fcd 1785531 Eben im PongauAUTRICHE T\u00e9l. : +43 6458 200140E-mail : office@waterjet-service.comwww.stm-waterjet.com Raison sociale : STM Waterjet GmbHTribunal de la soci\u00e9t\u00e9 : Landesgericht SalzburgNum\u00e9ro du registre de la soci\u00e9t\u00e9 : 533142hNum\u00e9ro UID : ATU 75586527Autorit\u00e9 conform\u00e9ment \u00e0 la loi sur la protection des donn\u00e9es. ECG : Bezirkshauptmannschaft St. Johann im [&hellip;]<\/p>\n","protected":false},"author":1488,"featured_media":0,"parent":0,"menu_order":0,"comment_status":"closed","ping_status":"closed","template":"","meta":{"_acf_changed":false,"footnotes":""},"class_list":["post-31349","page","type-page","status-publish","hentry"],"acf":[],"_links":{"self":[{"href":"https:\/\/shop.waterjet-service.com\/fr\/wp-json\/wp\/v2\/pages\/31349","targetHints":{"allow":["GET"]}}],"collection":[{"href":"https:\/\/shop.waterjet-service.com\/fr\/wp-json\/wp\/v2\/pages"}],"about":[{"href":"https:\/\/shop.waterjet-service.com\/fr\/wp-json\/wp\/v2\/types\/page"}],"author":[{"embeddable":true,"href":"https:\/\/shop.waterjet-service.com\/fr\/wp-json\/wp\/v2\/users\/1488"}],"replies":[{"embeddable":true,"href":"https:\/\/shop.waterjet-service.com\/fr\/wp-json\/wp\/v2\/comments?post=31349"}],"version-history":[{"count":2,"href":"https:\/\/shop.waterjet-service.com\/fr\/wp-json\/wp\/v2\/pages\/31349\/revisions"}],"predecessor-version":[{"id":47536,"href":"https:\/\/shop.waterjet-service.com\/fr\/wp-json\/wp\/v2\/pages\/31349\/revisions\/47536"}],"wp:attachment":[{"href":"https:\/\/shop.waterjet-service.com\/fr\/wp-json\/wp\/v2\/media?parent=31349"}],"curies":[{"name":"wp","href":"https:\/\/api.w.org\/{rel}","templated":true}]}}