{"id":41518,"date":"2023-03-29T08:06:13","date_gmt":"2023-03-29T06:06:13","guid":{"rendered":"https:\/\/shop.waterjet-service.com\/expedition-et-livraison\/"},"modified":"2023-03-29T08:06:13","modified_gmt":"2023-03-29T06:06:13","slug":"expedition-et-livraison","status":"publish","type":"page","link":"https:\/\/shop.waterjet-service.com\/fr\/expedition-et-livraison\/","title":{"rendered":"Exp\u00e9dition et livraison"},"content":{"rendered":"\n<p>Les frais de livraison sont calcul\u00e9s au jour le jour en fonction de votre commande et sont indiqu\u00e9s lors de la confirmation de la commande.<\/p>\n\n<p>N&#8217;h\u00e9sitez pas \u00e0 nous contacter pour toute question !<\/p>\n","protected":false},"excerpt":{"rendered":"<p>Les frais de livraison sont calcul\u00e9s au jour le jour en fonction de votre commande et sont indiqu\u00e9s lors de la confirmation de la commande. N&#8217;h\u00e9sitez pas \u00e0 nous contacter pour toute question !<\/p>\n","protected":false},"author":1488,"featured_media":0,"parent":0,"menu_order":0,"comment_status":"closed","ping_status":"closed","template":"","meta":{"_acf_changed":false,"footnotes":""},"class_list":["post-41518","page","type-page","status-publish","hentry"],"acf":[],"_links":{"self":[{"href":"https:\/\/shop.waterjet-service.com\/fr\/wp-json\/wp\/v2\/pages\/41518","targetHints":{"allow":["GET"]}}],"collection":[{"href":"https:\/\/shop.waterjet-service.com\/fr\/wp-json\/wp\/v2\/pages"}],"about":[{"href":"https:\/\/shop.waterjet-service.com\/fr\/wp-json\/wp\/v2\/types\/page"}],"author":[{"embeddable":true,"href":"https:\/\/shop.waterjet-service.com\/fr\/wp-json\/wp\/v2\/users\/1488"}],"replies":[{"embeddable":true,"href":"https:\/\/shop.waterjet-service.com\/fr\/wp-json\/wp\/v2\/comments?post=41518"}],"version-history":[{"count":0,"href":"https:\/\/shop.waterjet-service.com\/fr\/wp-json\/wp\/v2\/pages\/41518\/revisions"}],"wp:attachment":[{"href":"https:\/\/shop.waterjet-service.com\/fr\/wp-json\/wp\/v2\/media?parent=41518"}],"curies":[{"name":"wp","href":"https:\/\/api.w.org\/{rel}","templated":true}]}}